{"id":286,"date":"2025-04-24T11:13:02","date_gmt":"2025-04-24T09:13:02","guid":{"rendered":"https:\/\/meca-atlantique.com\/?page_id=286"},"modified":"2025-04-25T10:00:48","modified_gmt":"2025-04-25T08:00:48","slug":"mention-legales","status":"publish","type":"page","link":"https:\/\/meca-atlantique.com\/index.php\/mention-legales\/","title":{"rendered":"Mention l\u00e9gales"},"content":{"rendered":"\n<div class=\"wp-block-cover alignfull wp-duotone-blue-red\" style=\"min-height:350px;aspect-ratio:unset;\"><img loading=\"lazy\" decoding=\"async\" width=\"980\" height=\"260\" class=\"wp-block-cover__image-background wp-image-280 size-full\" alt=\"\" src=\"https:\/\/meca-atlantique.com\/wp-content\/uploads\/2025\/04\/meca_atelier-2.jpg\" data-object-fit=\"cover\" srcset=\"https:\/\/meca-atlantique.com\/wp-content\/uploads\/2025\/04\/meca_atelier-2.jpg 980w, https:\/\/meca-atlantique.com\/wp-content\/uploads\/2025\/04\/meca_atelier-2-300x80.jpg 300w, https:\/\/meca-atlantique.com\/wp-content\/uploads\/2025\/04\/meca_atelier-2-768x204.jpg 768w\" sizes=\"auto, (max-width: 980px) 100vw, 980px\" \/><span aria-hidden=\"true\" class=\"wp-block-cover__background has-background-dim-40 has-background-dim\"><\/span><div class=\"wp-block-cover__inner-container is-layout-constrained wp-container-core-cover-is-layout-4383d167 wp-block-cover-is-layout-constrained\">\n<div style=\"height:100px\" aria-hidden=\"true\" class=\"wp-block-spacer\"><\/div>\n\n\n\n<h2 class=\"wp-block-heading has-text-align-center has-ast-global-color-5-color has-text-color has-link-color has-cormorant-font-family wp-elements-7937c7f1f8252a27b8c9c09e3014b3fa\" style=\"border-style:none;border-width:0px;font-size:71px;font-style:normal;font-weight:400;text-transform:uppercase\">mention l\u00e9gales<\/h2>\n\n\n\n<p><\/p>\n\n\n\n<p><\/p>\n<\/div><\/div>\n\n\n\n<div class=\"wp-block-group alignfull is-layout-constrained wp-container-core-group-is-layout-0f516941 wp-block-group-is-layout-constrained\" style=\"min-height:0px;margin-top:0px;margin-bottom:0px;padding-top:0rem;padding-right:0;padding-bottom:0;padding-left:0\">\n<div class=\"wp-block-columns has-ast-global-color-3-background-color has-background is-layout-flex wp-container-core-columns-is-layout-28f84493 wp-block-columns-is-layout-flex\">\n<div class=\"wp-block-column is-layout-flow wp-block-column-is-layout-flow\">\n<p class=\"has-ast-global-color-4-color has-text-color has-link-color wp-elements-4073ede4bc10df34ff46cecd205ecc55\">L&rsquo;acc\u00e8s et l&rsquo;utilisation de ce Site sont soumis aux conditions suivantes ainsi qu&rsquo;aux dispositions l\u00e9gales en vigueur. En acc\u00e9dant et naviguant sur ce Site, vous acceptez, sans limitation ni r\u00e9serves, ces conditions et vous reconnaissez qu&rsquo;elles pr\u00e9valent sur tous autres accords \u00e9ventuels entre nous.<br><strong>Propri\u00e9t\u00e9 du site :<\/strong><\/p>\n\n\n\n<p class=\"has-ast-global-color-4-color has-text-color has-link-color wp-elements-1bb32daa64355a3bc6ac3ea470965cfc\">Le pr\u00e9sent site est la propri\u00e9t\u00e9 de la soci\u00e9t\u00e9 M\u00c9CA ATLANTIQUE inscrite au Registre du Commerce et des Soci\u00e9t\u00e9s de Nantes &#8211; SIRET : 377 545 801 00013, dont le si\u00e8ge social est situ\u00e9 \u00e0 :<br>L&rsquo;Esp\u00e9rance<br>44110 NOYAL-SUR-BRUTZ<br>T\u00e9l. : 02 40 28 23 63<\/p>\n\n\n\n<p class=\"has-ast-global-color-4-color has-text-color has-link-color wp-elements-9b609f22bda05bba3c372a717b34b9ae\"><strong>Protection des donn\u00e9es personnelles :<\/strong><br>Les informations que nous recueillons sont exclusivement destin\u00e9es \u00e0 la Soci\u00e9t\u00e9 M\u00e9ca Atlantique. Aucune donn\u00e9e personnelle vous concernant n\u2019est c\u00e9d\u00e9e \u00e0 des tiers.<br>Les visiteurs de ce site sont inform\u00e9s et autorisent que des informations (t\u00e9moins de connexion ou \u00ab cookies \u00bb) peuvent \u00eatre temporairement conserv\u00e9es sur le disque dur de leur ordinateur afin de faciliter la navigation sur le site. L\u2019utilisateur est libre de refuser ces cookies en configurant son navigateur selon les modalit\u00e9s d\u00e9taill\u00e9es sur le site http:\/\/www.cnil.fr.<br>Toute information personnelle que vous serez amen\u00e9 \u00e0 transmettre \u00e0 la Soci\u00e9t\u00e9 M\u00e9ca Atlantique est soumise aux dispositions de la loi n\u00b0 78-17 Informatique et Libert\u00e9s du 6 janvier 1978 relative \u00e0 l\u2019 informatique, aux fichiers et aux libert\u00e9s, modifi\u00e9e.<br>A ce titre, vous disposez d&rsquo;un droit d&rsquo;acc\u00e8s, de rectification et de suppression des informations personnelles vous concernant que vous pouvez exercer \u00e0 tout moment en \u00e9crivant \u00e0 :&nbsp;<a href=\"https:\/\/www.meca-atlantique.fr\/contact.php\">contact@meca-atlantique.fr<\/a>&nbsp;.<\/p>\n\n\n\n<p class=\"has-ast-global-color-4-color has-text-color has-link-color wp-elements-0c087d881c7b6339519a66f57177168f\"><strong>Propri\u00e9t\u00e9 intellectuelle<\/strong><br>La Soci\u00e9t\u00e9 M\u00e9ca Atlantique d\u00e9tient, se r\u00e9serve et conserve tous les droits de propri\u00e9t\u00e9, notamment intellectuelle, y compris les droit de reproduction sur le pr\u00e9sent site et les \u00e9l\u00e9ments qu\u2019il contient.<br>En cons\u00e9quence et notamment toute reproduction partielle ou totale du pr\u00e9sent site et des \u00e9l\u00e9ments qu\u2019il contient est strictement interdite sans autorisation \u00e9crite de la Soci\u00e9t\u00e9 M\u00e9ca Atlantique.<br>Les marques, brevets, logos et tous autres signes distinctifs contenus sur ce site sont la propri\u00e9t\u00e9 de la Soci\u00e9t\u00e9 M\u00e9ca Atlantique ou font l&rsquo;objet d&rsquo;une autorisation d&rsquo;utilisation. Aucun droit ou licence ne saurait \u00eatre attribu\u00e9 sur l&rsquo;un quelconque de ces \u00e9l\u00e9ments sans l&rsquo;autorisation \u00e9crite de la Soci\u00e9t\u00e9 M\u00e9ca Atlantique ou du tiers d\u00e9tenteur des droits.<\/p>\n\n\n\n<p class=\"has-ast-global-color-4-color has-text-color has-link-color wp-elements-c65fab2780af02fde1dd4b55f8a8fbde\"><strong>Exclusion de garantie et de responsabilit\u00e9 :<\/strong><br>L\u2019utilisateur du site web \u00ab www.meca-atlantique.com \u00bb reconna\u00eet avoir pris connaissance des pr\u00e9sentes conditions d\u2019utilisation du site et s\u2019engage \u00e0 les respecter.<br>La Soci\u00e9t\u00e9 M\u00e9ca Atlantique ne saurait \u00eatre tenue pour responsable des dommages directs ou indirects qui pourraient r\u00e9sulter de l\u2019acc\u00e8s au site ou de l\u2019utilisation du site et\/ou de ces informations, y compris l\u2019 inaccessibilit\u00e9, les pertes de donn\u00e9es, d\u00e9t\u00e9riorations, destructions ou virus qui pourraient affecter l\u2019\u00e9quipement informatique de l\u2019utilisateur et\/ou de la pr\u00e9sence de virus sur son site.<br>Bien que la Soci\u00e9t\u00e9 M\u00e9ca Atlantique s\u2019efforce de fournir un contenu fiable sur son site, il ne garantit pas que son contenu soit exempt d\u2019inexactitudes ou d\u2019omissions et ne saurait \u00eatre tenu pour responsable des erreurs ou omissions, d\u2019une absence de disponibilit\u00e9 des informations et des services. La Soci\u00e9t\u00e9 M\u00e9ca Atlantique se r\u00e9serve \u00e0 tout moment et sans pr\u00e9avis le droit d\u2019apporter des am\u00e9liorations et\/ou des modifications au contenu de son site.<br>En cons\u00e9quence, l\u2019utilisateur reconna\u00eet se servir de ses informations sous sa responsabilit\u00e9 exclusive.<\/p>\n\n\n\n<p class=\"has-ast-global-color-4-color has-text-color has-link-color wp-elements-ff8eef082965e400d939a45773025f28\"><strong>Liens vers d&rsquo;autres sites :<\/strong><br>Le site peut inclure des liens vers d&rsquo;autres sites ou d&rsquo;autres sources Internet. Dans la mesure o\u00f9 la Soci\u00e9t\u00e9 M\u00e9ca Atlantique ne peut contr\u00f4ler ces sites et ces sources externes, la Soci\u00e9t\u00e9 M\u00e9ca Atlantique ne peut \u00eatre tenu pour responsable de la mise \u00e0 disposition de ces sites et sources externes, et d\u00e9cline ainsi toute responsabilit\u00e9 quant aux contenus, publicit\u00e9s, produits, services ou tout autre mat\u00e9riel disponible sur ou \u00e0 partir de ces sites ou sources externes. Ces liens sont propos\u00e9s aux utilisateurs du site la Soci\u00e9t\u00e9 M\u00e9ca Atlantique en tant que service. La d\u00e9cision d\u2019activer les liens vous appartient exclusivement<\/p>\n<\/div>\n<\/div>\n<\/div>\n\n\n\n<p><\/p>\n","protected":false},"excerpt":{"rendered":"<p>L&rsquo;acc\u00e8s et l&rsquo;utilisation de ce Site sont soumis aux conditions suivantes ainsi qu&rsquo;aux dispositions l\u00e9gales en vigueur. En acc\u00e9dant et [&hellip;]<\/p>\n","protected":false},"author":1,"featured_media":0,"parent":0,"menu_order":0,"comment_status":"closed","ping_status":"closed","template":"","meta":{"site-sidebar-layout":"default","site-content-layout":"","ast-site-content-layout":"","site-content-style":"default","site-sidebar-style":"default","ast-global-header-display":"","ast-banner-title-visibility":"","ast-main-header-display":"","ast-hfb-above-header-display":"","ast-hfb-below-header-display":"","ast-hfb-mobile-header-display":"","site-post-title":"disabled","ast-breadcrumbs-content":"","ast-featured-img":"","footer-sml-layout":"","theme-transparent-header-meta":"","adv-header-id-meta":"","stick-header-meta":"","header-above-stick-meta":"","header-main-stick-meta":"","header-below-stick-meta":"","astra-migrate-meta-layouts":"default","ast-page-background-enabled":"default","ast-page-background-meta":{"desktop":{"background-color":"var(--ast-global-color-5)","background-image":"","background-repeat":"repeat","background-position":"center center","background-size":"auto","background-attachment":"scroll","background-type":"","background-media":"","overlay-type":"","overlay-color":"","overlay-opacity":"","overlay-gradient":""},"tablet":{"background-color":"","background-image":"","background-repeat":"repeat","background-position":"center center","background-size":"auto","background-attachment":"scroll","background-type":"","background-media":"","overlay-type":"","overlay-color":"","overlay-opacity":"","overlay-gradient":""},"mobile":{"background-color":"","background-image":"","background-repeat":"repeat","background-position":"center center","background-size":"auto","background-attachment":"scroll","background-type":"","background-media":"","overlay-type":"","overlay-color":"","overlay-opacity":"","overlay-gradient":""}},"ast-content-background-meta":{"desktop":{"background-color":"var(--ast-global-color-4)","background-image":"","background-repeat":"repeat","background-position":"center center","background-size":"auto","background-attachment":"scroll","background-type":"","background-media":"","overlay-type":"","overlay-color":"","overlay-opacity":"","overlay-gradient":""},"tablet":{"background-color":"var(--ast-global-color-4)","background-image":"","background-repeat":"repeat","background-position":"center center","background-size":"auto","background-attachment":"scroll","background-type":"","background-media":"","overlay-type":"","overlay-color":"","overlay-opacity":"","overlay-gradient":""},"mobile":{"background-color":"var(--ast-global-color-4)","background-image":"","background-repeat":"repeat","background-position":"center center","background-size":"auto","background-attachment":"scroll","background-type":"","background-media":"","overlay-type":"","overlay-color":"","overlay-opacity":"","overlay-gradient":""}},"footnotes":""},"class_list":["post-286","page","type-page","status-publish","hentry"],"_links":{"self":[{"href":"https:\/\/meca-atlantique.com\/index.php\/wp-json\/wp\/v2\/pages\/286","targetHints":{"allow":["GET"]}}],"collection":[{"href":"https:\/\/meca-atlantique.com\/index.php\/wp-json\/wp\/v2\/pages"}],"about":[{"href":"https:\/\/meca-atlantique.com\/index.php\/wp-json\/wp\/v2\/types\/page"}],"author":[{"embeddable":true,"href":"https:\/\/meca-atlantique.com\/index.php\/wp-json\/wp\/v2\/users\/1"}],"replies":[{"embeddable":true,"href":"https:\/\/meca-atlantique.com\/index.php\/wp-json\/wp\/v2\/comments?post=286"}],"version-history":[{"count":6,"href":"https:\/\/meca-atlantique.com\/index.php\/wp-json\/wp\/v2\/pages\/286\/revisions"}],"predecessor-version":[{"id":319,"href":"https:\/\/meca-atlantique.com\/index.php\/wp-json\/wp\/v2\/pages\/286\/revisions\/319"}],"wp:attachment":[{"href":"https:\/\/meca-atlantique.com\/index.php\/wp-json\/wp\/v2\/media?parent=286"}],"curies":[{"name":"wp","href":"https:\/\/api.w.org\/{rel}","templated":true}]}}