{"id":21,"date":"2025-04-17T09:43:10","date_gmt":"2025-04-17T07:43:10","guid":{"rendered":"https:\/\/meca-atlantique.com\/?page_id=21"},"modified":"2025-04-25T10:31:50","modified_gmt":"2025-04-25T08:31:50","slug":"parc-machines","status":"publish","type":"page","link":"https:\/\/meca-atlantique.com\/index.php\/parc-machines\/","title":{"rendered":"Parc machines"},"content":{"rendered":"\n<div class=\"wp-block-cover alignfull wp-duotone-blue-red\" style=\"min-height:350px;aspect-ratio:unset;\"><img loading=\"lazy\" decoding=\"async\" width=\"980\" height=\"260\" class=\"wp-block-cover__image-background wp-image-191 size-full\" alt=\"\" src=\"https:\/\/meca-atlantique.com\/wp-content\/uploads\/2025\/04\/tournage.jpg\" data-object-fit=\"cover\" srcset=\"https:\/\/meca-atlantique.com\/wp-content\/uploads\/2025\/04\/tournage.jpg 980w, https:\/\/meca-atlantique.com\/wp-content\/uploads\/2025\/04\/tournage-300x80.jpg 300w, https:\/\/meca-atlantique.com\/wp-content\/uploads\/2025\/04\/tournage-768x204.jpg 768w\" sizes=\"auto, (max-width: 980px) 100vw, 980px\" \/><span aria-hidden=\"true\" class=\"wp-block-cover__background has-background-dim-40 has-background-dim\"><\/span><div class=\"wp-block-cover__inner-container is-layout-constrained wp-container-core-cover-is-layout-4383d167 wp-block-cover-is-layout-constrained\">\n<div style=\"height:100px\" aria-hidden=\"true\" class=\"wp-block-spacer\"><\/div>\n\n\n\n<h2 class=\"wp-block-heading has-text-align-center has-ast-global-color-5-color has-text-color has-link-color has-cormorant-font-family wp-elements-6e2ce4ee946cdbd67a8b8078e2a0b3bc\" style=\"border-style:none;border-width:0px;font-size:71px;font-style:normal;font-weight:400;text-transform:uppercase\">parc machines<\/h2>\n\n\n\n<p><\/p>\n<\/div><\/div>\n\n\n\n<div class=\"wp-block-group alignfull is-layout-constrained wp-container-core-group-is-layout-090c504b wp-block-group-is-layout-constrained\" style=\"margin-top:0px;margin-bottom:0px;padding-top:var(--wp--preset--spacing--40);padding-right:0;padding-bottom:var(--wp--preset--spacing--40);padding-left:0\">\n<p class=\"has-text-align-center\">M\u00c9CA ATLANTIQUE dispose d&rsquo;outils de production modernes r\u00e9partis sur une surface de 3500 m2 compl\u00e9t\u00e9s et renouvel\u00e9s r\u00e9guli\u00e8rement, <br>ils permettent de r\u00e9pondre aux besoins sp\u00e9cifiques d&rsquo;usinages complexes.<\/p>\n<\/div>\n\n\n\n<div class=\"wp-block-group alignfull is-layout-constrained wp-container-core-group-is-layout-fe67be1e wp-block-group-is-layout-constrained\" style=\"margin-top:0px;margin-bottom:0px;padding-top:0rem;padding-right:0;padding-bottom:0;padding-left:0\">\n<div class=\"wp-block-group is-layout-constrained wp-block-group-is-layout-constrained\" style=\"padding-top:var(--wp--preset--spacing--50);padding-bottom:var(--wp--preset--spacing--50)\">\n<p><strong>7 TOURS A COMMANDE NUM\u00c9RIQUE ET CONVENTIONNELS DONT :<\/strong><\/p>\n\n\n\n<figure class=\"wp-block-table is-style-regular\"><table class=\"has-fixed-layout\"><tbody><tr><td class=\"has-text-align-center\" data-align=\"center\"><strong>1 TOUR CN KIA 300 (3 axes)<\/strong><br>Lg entrepointe : 760<br>\u00d8 maxi : 560<br>\u00d8 passage Int\u00e9rieur broche : 90<\/td><td class=\"has-text-align-center\" data-align=\"center\"><strong>1 TOUR CN NAKAMURA SC300L<\/strong><br>Lg entrepointe : 1135<br>\u00d8 maxi : 560<br>\u00d8 passage Int\u00e9rieur broche : 72<\/td><td class=\"has-text-align-center\" data-align=\"center\"><strong>1 TOUR CN NAKAMURA TMC30<\/strong><br>Lg entrepointe : 535<br>\u00d8 maxi : 550<br>\u00d8 passage Int\u00e9rieur broche : 60<\/td><\/tr><tr><td class=\"has-text-align-center\" data-align=\"center\"><strong>1 TOUR CN WIA 4000<\/strong><br>Lg entrepointe : 2200<br>\u00d8 Maxi : 570<br>\u00d8 passage Int\u00e9rieur broche : 131<br><\/td><td class=\"has-text-align-center\" data-align=\"center\"><strong>1 TOUR CN SOMAB UNIMAB 500<\/strong><br>Lg entrepointe : 1500<br>\u00d8 maxi de passage banc : 500<br>\u00d8 maxi de passage train : 440<br>\u00d8 passage Int\u00e9rieur broche : 72<\/td><td class=\"has-text-align-center\" data-align=\"center\"><strong>1 TOUR CAZENEUVE<\/strong><br>Lg entrepointe : 1500<br>\u00d8 sur chariot : 448<br>\u00d8 sur banc : 500<br>\u00d8 sur banc rompu : 650 sur longueur 170<br>\u00d8 al\u00e9sage passage Int\u00e9rieur broche : 70<\/td><\/tr><tr><td class=\"has-text-align-center\" data-align=\"center\"><strong>1 TOUR CN WIA 700 LMAA<\/strong><br>Lg entrepointe : 3250<br>\u00d8 maxi : 1050<br>\u00d8 passage int\u00e9rieur broche : 165<br>\u00d8 920 x 3250<\/td><td class=\"has-text-align-center\" data-align=\"center\"><\/td><td class=\"has-text-align-center\" data-align=\"center\"><\/td><\/tr><\/tbody><\/table><\/figure>\n<\/div>\n<\/div>\n\n\n\n<div class=\"wp-block-group alignfull has-ast-global-color-3-background-color has-background is-layout-constrained wp-block-group-is-layout-constrained\" style=\"padding-top:var(--wp--preset--spacing--50);padding-bottom:var(--wp--preset--spacing--50)\">\n<p class=\"has-ast-global-color-5-color has-text-color has-link-color wp-elements-cb5884be2dbf6377dcece9ae53eb49be\"><strong>4 FRAISEUSES A COMMANDE NUM\u00c9RIQUE ET CONVENTIONNELLES DONT :<\/strong><\/p>\n\n\n\n<figure class=\"wp-block-table is-style-regular\"><table class=\"has-ast-global-color-4-color has-text-color has-link-color has-fixed-layout\"><tbody><tr><td class=\"has-text-align-center\" data-align=\"center\"><strong>1 FRAISEUSE ANAYAK HVM 12000<\/strong><br>T\u00eate automatique indexable<br>5\u00e8me axe positionn\u00e9<br>Course : 12000&#215;2500 \/ 3000&#215;1500<br>Table tournante \u2013 Axe W 1500<br>60 outils<br>Charge : illimit\u00e9e<br><\/td><td class=\"has-text-align-center\" data-align=\"center\"><strong>1 FRAISEUSE ANAYAK HVM 5000<\/strong><br>T\u00eate automatique indexable<br>5 axes<br>Course : 4200x1200x1500<br>Puissance : 30 kw<br>Charge : illimit\u00e9e<br><\/td><\/tr><tr><td class=\"has-text-align-center\" data-align=\"center\"><strong>1 FRAISEUSE HURON MU6 <\/strong><br>Course : 1500x700x550<\/td><td class=\"has-text-align-center\" data-align=\"center\"><strong>1 FRAISEUSE CN \u2013 SBC AUTOMATION &#8211; DBA 4121 <\/strong><br>Course : 4100x2100x 250<\/td><\/tr><\/tbody><\/table><\/figure>\n<\/div>\n\n\n\n<div class=\"wp-block-group alignfull is-layout-constrained wp-container-core-group-is-layout-fe67be1e wp-block-group-is-layout-constrained\" style=\"margin-top:0px;margin-bottom:0px;padding-top:0rem;padding-right:0;padding-bottom:0;padding-left:0\">\n<div class=\"wp-block-group is-layout-constrained wp-block-group-is-layout-constrained\" style=\"padding-top:var(--wp--preset--spacing--50);padding-bottom:var(--wp--preset--spacing--50)\">\n<p><strong>6 CENTRES D\u2019USINAGE DONT :<\/strong><\/p>\n\n\n\n<figure class=\"wp-block-table is-style-regular\"><table class=\"has-fixed-layout\"><tbody><tr><td class=\"has-text-align-center\" data-align=\"center\"><strong>2 CENTRE OKK HORIZONTAL<\/strong><br>4 axes<br>2 palettes 1000&#215;1000<br>Course : 1400x1050x1050<br>Puissance maxi : 40 kw<br><\/td><td class=\"has-text-align-center\" data-align=\"center\"><strong>1 CENTRE VMX60 SRTi<\/strong><br>5 axes<br>Course : 1524x660x610<br>12 000 tours minutes<br>Puissance : 37 kw<\/td><td class=\"has-text-align-center\" data-align=\"center\"><strong>1 CENTRE OKK VERTICAL VP400<\/strong><br>5 axes<br>Course : 600x410x460<br>12000 tours minutes<br>Puissance : 22 kw<\/td><\/tr><tr><td class=\"has-text-align-center\" data-align=\"center\"><strong>1 CENTRE VMX 24 VERTICAL <\/strong><br>Course : 610x510x610<\/td><td class=\"has-text-align-center\" data-align=\"center\"><strong>1 CENTRE VMX 42 VERTICAL <\/strong><br>Course : 1060x610x610<\/td><td class=\"has-text-align-center\" data-align=\"center\"><strong>1 CENTRE VM1 VERTICAL <\/strong><br>Course : 650x350x320<\/td><\/tr><\/tbody><\/table><\/figure>\n<\/div>\n<\/div>\n\n\n\n<div class=\"wp-block-group alignfull has-ast-global-color-3-background-color has-background is-layout-constrained wp-block-group-is-layout-constrained\" style=\"padding-top:var(--wp--preset--spacing--50);padding-bottom:var(--wp--preset--spacing--50)\">\n<p class=\"has-ast-global-color-5-color has-text-color has-link-color wp-elements-d2ab0faee04c3e35ccf3ad8c654b79c6\"><strong>DIVERS<\/strong><\/p>\n\n\n\n<figure class=\"wp-block-table is-style-regular\"><table class=\"has-ast-global-color-4-color has-text-color has-link-color has-fixed-layout\"><tbody><tr><td class=\"has-text-align-center\" data-align=\"center\"><strong>CONTROLE :<\/strong><br>1 MACHINE DE CONTROLE 3D (DEA GLOBAL PERFORMANCE)<br>X : 900 ; Y : 1500 ; Z : 800<br><br>1 BRAS DE MESURE FARO<br><br>1 COLONNE DE MESURE<br><br>JEUX DE CALES, BAGUES ET TIGES ETALON<br><br>RUGOSIMETRES<br><br>MICROMETRES, PIED A COULLISSE\u2026<br><br><strong>SABLAGE :<\/strong><br>1 CABINE DE SABLAGE<br><br><strong>PEINTURE :<\/strong><br>1 CABINE DE PEINTURE<br><br><strong>DEBIT :<\/strong><br>1 SCIE KASTO SBA 320 AUG<br>1 SCIE KASTO TWIN A4<br><br><strong>SOUDURE :<\/strong><br>2 POSTES MIG\/MAG EWM 400A<br>2 POSTES TIG EWM<br>(acier, inox, alu et fonte)<br><br>1 ROBOT de soudure ACIER \/ ALU<br><\/td><td class=\"has-text-align-center\" data-align=\"center\"><strong>AJUSTAGE :<\/strong><br>1 PERCEUSE ALZMETAL TYPEAB35 HST<br><br>1 PERCEUSE ALZMETAL TYPE AX 3T\/S<br><br>1 PRESSE<br>Force : 10 tonnes &#8211; Course : 230 mm &#8211; Hauteur du nez de v\u00e9rin \u00e0 la table : 400<br><br>1 PERCEUSE RADIALE SORALUCE TR1<br><br>1 MORTAISEUSE URPE M200<br>Course du b\u00e9lier : 0-200 mm<br><br>1 MORTAISEUSE URPE M300<br>Course du b\u00e9lier : 0-300 mm<br><br>5 PONTS DE LEVAGE<br>de 3.2 T \u00e0 20 Tonnes<br><br>2 CHARIOTS DE LEVAGE<br>capacit\u00e9 3 Tonnes<br><br><strong>STOCKAGE :<\/strong><br>1 TRANSTOCKEUR \u2013 KASTO<br>37 tiroirs<br><\/td><\/tr><\/tbody><\/table><\/figure>\n<\/div>\n\n\n\n<p><\/p>\n","protected":false},"excerpt":{"rendered":"<p>M\u00c9CA ATLANTIQUE dispose d&rsquo;outils de production modernes r\u00e9partis sur une surface de 3500 m2 compl\u00e9t\u00e9s et renouvel\u00e9s r\u00e9guli\u00e8rement, ils permettent [&hellip;]<\/p>\n","protected":false},"author":1,"featured_media":0,"parent":0,"menu_order":0,"comment_status":"closed","ping_status":"closed","template":"","meta":{"site-sidebar-layout":"default","site-content-layout":"","ast-site-content-layout":"","site-content-style":"default","site-sidebar-style":"default","ast-global-header-display":"","ast-banner-title-visibility":"","ast-main-header-display":"","ast-hfb-above-header-display":"","ast-hfb-below-header-display":"","ast-hfb-mobile-header-display":"","site-post-title":"disabled","ast-breadcrumbs-content":"","ast-featured-img":"","footer-sml-layout":"","theme-transparent-header-meta":"","adv-header-id-meta":"","stick-header-meta":"","header-above-stick-meta":"","header-main-stick-meta":"","header-below-stick-meta":"","astra-migrate-meta-layouts":"default","ast-page-background-enabled":"default","ast-page-background-meta":{"desktop":{"background-color":"var(--ast-global-color-5)","background-image":"","background-repeat":"repeat","background-position":"center center","background-size":"auto","background-attachment":"scroll","background-type":"","background-media":"","overlay-type":"","overlay-color":"","overlay-opacity":"","overlay-gradient":""},"tablet":{"background-color":"","background-image":"","background-repeat":"repeat","background-position":"center center","background-size":"auto","background-attachment":"scroll","background-type":"","background-media":"","overlay-type":"","overlay-color":"","overlay-opacity":"","overlay-gradient":""},"mobile":{"background-color":"","background-image":"","background-repeat":"repeat","background-position":"center center","background-size":"auto","background-attachment":"scroll","background-type":"","background-media":"","overlay-type":"","overlay-color":"","overlay-opacity":"","overlay-gradient":""}},"ast-content-background-meta":{"desktop":{"background-color":"var(--ast-global-color-4)","background-image":"","background-repeat":"repeat","background-position":"center center","background-size":"auto","background-attachment":"scroll","background-type":"","background-media":"","overlay-type":"","overlay-color":"","overlay-opacity":"","overlay-gradient":""},"tablet":{"background-color":"var(--ast-global-color-4)","background-image":"","background-repeat":"repeat","background-position":"center center","background-size":"auto","background-attachment":"scroll","background-type":"","background-media":"","overlay-type":"","overlay-color":"","overlay-opacity":"","overlay-gradient":""},"mobile":{"background-color":"var(--ast-global-color-4)","background-image":"","background-repeat":"repeat","background-position":"center center","background-size":"auto","background-attachment":"scroll","background-type":"","background-media":"","overlay-type":"","overlay-color":"","overlay-opacity":"","overlay-gradient":""}},"footnotes":""},"class_list":["post-21","page","type-page","status-publish","hentry"],"_links":{"self":[{"href":"https:\/\/meca-atlantique.com\/index.php\/wp-json\/wp\/v2\/pages\/21","targetHints":{"allow":["GET"]}}],"collection":[{"href":"https:\/\/meca-atlantique.com\/index.php\/wp-json\/wp\/v2\/pages"}],"about":[{"href":"https:\/\/meca-atlantique.com\/index.php\/wp-json\/wp\/v2\/types\/page"}],"author":[{"embeddable":true,"href":"https:\/\/meca-atlantique.com\/index.php\/wp-json\/wp\/v2\/users\/1"}],"replies":[{"embeddable":true,"href":"https:\/\/meca-atlantique.com\/index.php\/wp-json\/wp\/v2\/comments?post=21"}],"version-history":[{"count":27,"href":"https:\/\/meca-atlantique.com\/index.php\/wp-json\/wp\/v2\/pages\/21\/revisions"}],"predecessor-version":[{"id":332,"href":"https:\/\/meca-atlantique.com\/index.php\/wp-json\/wp\/v2\/pages\/21\/revisions\/332"}],"wp:attachment":[{"href":"https:\/\/meca-atlantique.com\/index.php\/wp-json\/wp\/v2\/media?parent=21"}],"curies":[{"name":"wp","href":"https:\/\/api.w.org\/{rel}","templated":true}]}}