{"id":19,"date":"2025-04-17T09:43:02","date_gmt":"2025-04-17T07:43:02","guid":{"rendered":"https:\/\/meca-atlantique.com\/?page_id=19"},"modified":"2025-04-22T12:09:00","modified_gmt":"2025-04-22T10:09:00","slug":"politique-qualite","status":"publish","type":"page","link":"https:\/\/meca-atlantique.com\/index.php\/politique-qualite\/","title":{"rendered":"Politique qualit\u00e9"},"content":{"rendered":"\n<div class=\"wp-block-cover alignfull wp-duotone-blue-red\" style=\"min-height:350px;aspect-ratio:unset;\"><img loading=\"lazy\" decoding=\"async\" width=\"980\" height=\"260\" class=\"wp-block-cover__image-background wp-image-176 size-full\" alt=\"\" src=\"https:\/\/meca-atlantique.com\/wp-content\/uploads\/2025\/04\/qualite-1.jpg\" data-object-fit=\"cover\" srcset=\"https:\/\/meca-atlantique.com\/wp-content\/uploads\/2025\/04\/qualite-1.jpg 980w, https:\/\/meca-atlantique.com\/wp-content\/uploads\/2025\/04\/qualite-1-300x80.jpg 300w, https:\/\/meca-atlantique.com\/wp-content\/uploads\/2025\/04\/qualite-1-768x204.jpg 768w\" sizes=\"auto, (max-width: 980px) 100vw, 980px\" \/><span aria-hidden=\"true\" class=\"wp-block-cover__background has-background-dim-40 has-background-dim\"><\/span><div class=\"wp-block-cover__inner-container is-layout-constrained wp-container-core-cover-is-layout-4383d167 wp-block-cover-is-layout-constrained\">\n<div style=\"height:100px\" aria-hidden=\"true\" class=\"wp-block-spacer\"><\/div>\n\n\n\n<h2 class=\"wp-block-heading has-text-align-center has-ast-global-color-5-color has-text-color has-link-color has-cormorant-font-family wp-elements-f6de328d4d9a6b01a8bdede0770c6f51\" style=\"border-style:none;border-width:0px;font-size:71px;font-style:normal;font-weight:400;text-transform:uppercase\">Politique qualit\u00e9<\/h2>\n<\/div><\/div>\n\n\n\n<div class=\"wp-block-group alignfull is-layout-constrained wp-container-core-group-is-layout-fe67be1e wp-block-group-is-layout-constrained\" style=\"margin-top:0px;margin-bottom:0px;padding-top:0rem;padding-right:0;padding-bottom:0;padding-left:0\">\n<div class=\"wp-block-columns are-vertically-aligned-center is-layout-flex wp-container-core-columns-is-layout-b6ae32b8 wp-block-columns-is-layout-flex\" style=\"margin-top:0px;margin-bottom:0px;padding-top:var(--wp--preset--spacing--50);padding-right:16px;padding-bottom:var(--wp--preset--spacing--50);padding-left:16px\">\n<div class=\"wp-block-column is-vertically-aligned-center is-content-justification-left is-layout-constrained wp-container-core-column-is-layout-4b436176 wp-block-column-is-layout-constrained\" style=\"padding-right:0rem;padding-left:0rem\">\n<div class=\"wp-block-group is-vertical is-content-justification-center is-layout-flex wp-container-core-group-is-layout-ce7186f3 wp-block-group-is-layout-flex\" style=\"margin-top:0px;margin-bottom:2rem;padding-right:1rem;padding-left:1rem;line-height:0.5\">\n<figure class=\"wp-block-image size-full is-resized\"><img loading=\"lazy\" decoding=\"async\" width=\"300\" height=\"354\" src=\"https:\/\/meca-atlantique.com\/wp-content\/uploads\/2025\/04\/performance.jpg\" alt=\"\" class=\"wp-image-178\" style=\"width:421px;height:auto\" srcset=\"https:\/\/meca-atlantique.com\/wp-content\/uploads\/2025\/04\/performance.jpg 300w, https:\/\/meca-atlantique.com\/wp-content\/uploads\/2025\/04\/performance-254x300.jpg 254w\" sizes=\"auto, (max-width: 300px) 100vw, 300px\" \/><\/figure>\n<\/div>\n<\/div>\n\n\n\n<div class=\"wp-block-column is-layout-flow wp-container-core-column-is-layout-b2a27621 wp-block-column-is-layout-flow\" style=\"border-style:none;border-width:0px;border-radius:0px;padding-top:0;padding-right:0;padding-bottom:0;padding-left:0\">\n<p class=\"has-text-align-center\"><br><br><br>Depuis de nombreuses ann\u00e9es, la soci\u00e9t\u00e9 M\u00e9ca Atlantique s\u2019inscrit dans une d\u00e9marche d\u2019am\u00e9lioration permanente.<\/p>\n\n\n\n<p class=\"has-text-align-center\">C\u2019est ainsi, que nous avons d\u00e9cid\u00e9 de nous appuyer sur notre Syst\u00e8me de Management de la Qualit\u00e9 ISO 9001\/2008 pour am\u00e9liorer et asseoir notre organisation mais aussi pour accro\u00eetre la satisfaction client et notre comp\u00e9titivit\u00e9.<\/p>\n<\/div>\n\n\n\n<div class=\"wp-block-column is-layout-flow wp-block-column-is-layout-flow\">\n<figure class=\"wp-block-image size-full is-resized\"><img loading=\"lazy\" decoding=\"async\" width=\"607\" height=\"862\" src=\"https:\/\/meca-atlantique.com\/wp-content\/uploads\/2025\/04\/certification-ISO-9001.jpg\" alt=\"\" class=\"wp-image-183\" style=\"width:356px;height:auto\" srcset=\"https:\/\/meca-atlantique.com\/wp-content\/uploads\/2025\/04\/certification-ISO-9001.jpg 607w, https:\/\/meca-atlantique.com\/wp-content\/uploads\/2025\/04\/certification-ISO-9001-211x300.jpg 211w\" sizes=\"auto, (max-width: 607px) 100vw, 607px\" \/><\/figure>\n<\/div>\n<\/div>\n<\/div>\n\n\n\n<div class=\"wp-block-group alignfull is-layout-constrained wp-container-core-group-is-layout-448db0b9 wp-block-group-is-layout-constrained\" style=\"margin-top:0px;margin-bottom:0px;padding-right:0;padding-left:0\"><\/div>\n\n\n\n<p><\/p>\n","protected":false},"excerpt":{"rendered":"<p>Depuis de nombreuses ann\u00e9es, la soci\u00e9t\u00e9 M\u00e9ca Atlantique s\u2019inscrit dans une d\u00e9marche d\u2019am\u00e9lioration permanente. C\u2019est ainsi, que nous avons d\u00e9cid\u00e9 [&hellip;]<\/p>\n","protected":false},"author":1,"featured_media":0,"parent":0,"menu_order":0,"comment_status":"closed","ping_status":"closed","template":"","meta":{"site-sidebar-layout":"default","site-content-layout":"","ast-site-content-layout":"","site-content-style":"default","site-sidebar-style":"default","ast-global-header-display":"","ast-banner-title-visibility":"","ast-main-header-display":"","ast-hfb-above-header-display":"","ast-hfb-below-header-display":"","ast-hfb-mobile-header-display":"","site-post-title":"disabled","ast-breadcrumbs-content":"","ast-featured-img":"","footer-sml-layout":"","theme-transparent-header-meta":"","adv-header-id-meta":"","stick-header-meta":"","header-above-stick-meta":"","header-main-stick-meta":"","header-below-stick-meta":"","astra-migrate-meta-layouts":"default","ast-page-background-enabled":"default","ast-page-background-meta":{"desktop":{"background-color":"var(--ast-global-color-5)","background-image":"","background-repeat":"repeat","background-position":"center center","background-size":"auto","background-attachment":"scroll","background-type":"","background-media":"","overlay-type":"","overlay-color":"","overlay-opacity":"","overlay-gradient":""},"tablet":{"background-color":"","background-image":"","background-repeat":"repeat","background-position":"center center","background-size":"auto","background-attachment":"scroll","background-type":"","background-media":"","overlay-type":"","overlay-color":"","overlay-opacity":"","overlay-gradient":""},"mobile":{"background-color":"","background-image":"","background-repeat":"repeat","background-position":"center center","background-size":"auto","background-attachment":"scroll","background-type":"","background-media":"","overlay-type":"","overlay-color":"","overlay-opacity":"","overlay-gradient":""}},"ast-content-background-meta":{"desktop":{"background-color":"var(--ast-global-color-4)","background-image":"","background-repeat":"repeat","background-position":"center center","background-size":"auto","background-attachment":"scroll","background-type":"","background-media":"","overlay-type":"","overlay-color":"","overlay-opacity":"","overlay-gradient":""},"tablet":{"background-color":"var(--ast-global-color-4)","background-image":"","background-repeat":"repeat","background-position":"center center","background-size":"auto","background-attachment":"scroll","background-type":"","background-media":"","overlay-type":"","overlay-color":"","overlay-opacity":"","overlay-gradient":""},"mobile":{"background-color":"var(--ast-global-color-4)","background-image":"","background-repeat":"repeat","background-position":"center center","background-size":"auto","background-attachment":"scroll","background-type":"","background-media":"","overlay-type":"","overlay-color":"","overlay-opacity":"","overlay-gradient":""}},"footnotes":""},"class_list":["post-19","page","type-page","status-publish","hentry"],"_links":{"self":[{"href":"https:\/\/meca-atlantique.com\/index.php\/wp-json\/wp\/v2\/pages\/19","targetHints":{"allow":["GET"]}}],"collection":[{"href":"https:\/\/meca-atlantique.com\/index.php\/wp-json\/wp\/v2\/pages"}],"about":[{"href":"https:\/\/meca-atlantique.com\/index.php\/wp-json\/wp\/v2\/types\/page"}],"author":[{"embeddable":true,"href":"https:\/\/meca-atlantique.com\/index.php\/wp-json\/wp\/v2\/users\/1"}],"replies":[{"embeddable":true,"href":"https:\/\/meca-atlantique.com\/index.php\/wp-json\/wp\/v2\/comments?post=19"}],"version-history":[{"count":12,"href":"https:\/\/meca-atlantique.com\/index.php\/wp-json\/wp\/v2\/pages\/19\/revisions"}],"predecessor-version":[{"id":189,"href":"https:\/\/meca-atlantique.com\/index.php\/wp-json\/wp\/v2\/pages\/19\/revisions\/189"}],"wp:attachment":[{"href":"https:\/\/meca-atlantique.com\/index.php\/wp-json\/wp\/v2\/media?parent=19"}],"curies":[{"name":"wp","href":"https:\/\/api.w.org\/{rel}","templated":true}]}}