{"id":16,"date":"2025-04-17T09:42:43","date_gmt":"2025-04-17T07:42:43","guid":{"rendered":"https:\/\/meca-atlantique.com\/?page_id=16"},"modified":"2025-04-22T10:49:28","modified_gmt":"2025-04-22T08:49:28","slug":"savoir-faire","status":"publish","type":"page","link":"https:\/\/meca-atlantique.com\/index.php\/savoir-faire\/","title":{"rendered":"Savoir-faire"},"content":{"rendered":"\n<div class=\"wp-block-cover alignfull wp-duotone-blue-red\" style=\"min-height:350px;aspect-ratio:unset;\"><img loading=\"lazy\" decoding=\"async\" width=\"980\" height=\"260\" class=\"wp-block-cover__image-background wp-image-143 size-full\" alt=\"\" src=\"https:\/\/meca-atlantique.com\/wp-content\/uploads\/2025\/04\/meca_atelier-1.jpg\" data-object-fit=\"cover\" srcset=\"https:\/\/meca-atlantique.com\/wp-content\/uploads\/2025\/04\/meca_atelier-1.jpg 980w, https:\/\/meca-atlantique.com\/wp-content\/uploads\/2025\/04\/meca_atelier-1-300x80.jpg 300w, https:\/\/meca-atlantique.com\/wp-content\/uploads\/2025\/04\/meca_atelier-1-768x204.jpg 768w\" sizes=\"auto, (max-width: 980px) 100vw, 980px\" \/><span aria-hidden=\"true\" class=\"wp-block-cover__background has-background-dim-40 has-background-dim\"><\/span><div class=\"wp-block-cover__inner-container is-layout-constrained wp-container-core-cover-is-layout-4383d167 wp-block-cover-is-layout-constrained\">\n<div style=\"height:100px\" aria-hidden=\"true\" class=\"wp-block-spacer\"><\/div>\n\n\n\n<h2 class=\"wp-block-heading has-text-align-center has-ast-global-color-5-color has-text-color has-link-color has-cormorant-font-family wp-elements-ed66b292470b4ad25f6d422978c55d79\" style=\"border-style:none;border-width:0px;font-size:71px;font-style:normal;font-weight:400;text-transform:uppercase\">notre Savoir faire<\/h2>\n<\/div><\/div>\n\n\n\n<div class=\"wp-block-group alignfull is-layout-constrained wp-container-core-group-is-layout-fe67be1e wp-block-group-is-layout-constrained\" style=\"margin-top:0px;margin-bottom:0px;padding-top:0rem;padding-right:0;padding-bottom:0;padding-left:0\">\n<div class=\"wp-block-columns are-vertically-aligned-center is-layout-flex wp-container-core-columns-is-layout-b6ae32b8 wp-block-columns-is-layout-flex\" style=\"margin-top:0px;margin-bottom:0px;padding-top:var(--wp--preset--spacing--50);padding-right:16px;padding-bottom:var(--wp--preset--spacing--50);padding-left:16px\">\n<div class=\"wp-block-column is-vertically-aligned-center is-content-justification-left is-layout-constrained wp-container-core-column-is-layout-4b436176 wp-block-column-is-layout-constrained\" style=\"padding-right:0rem;padding-left:0rem\">\n<div class=\"wp-block-group is-vertical is-content-justification-center is-layout-flex wp-container-core-group-is-layout-ce7186f3 wp-block-group-is-layout-flex\" style=\"margin-top:0px;margin-bottom:2rem;padding-right:1rem;padding-left:1rem;line-height:0.5\">\n<p class=\"has-text-align-left has-text-color\" style=\"color:#3f3f3f;font-size:1.1rem;font-style:normal;font-weight:400;line-height:1.5\">Depuis plus de 20 ans, M\u00e9ca Atlantique d\u00e9veloppe son activit\u00e9 dans la m\u00e9canique de haute pr\u00e9cision. <br><br>Forte de son savoir-faire et soucieuse de la satisfaction de sa client\u00e8le, l&rsquo;entreprise optimise ses prestations par :<br>&#8211; des process de fabrication innovants,<br>&#8211; par la diversification des prestations,<br>&#8211; par un contr\u00f4le qualit\u00e9 performant et reconnu,<br>&#8211; par la gestion de produits de petites et grandes dimensions.<br><br>Toutes ces prestations sont r\u00e9alis\u00e9es dans nos ateliers d&rsquo;une surface totale de 3.400 m\u00b2<\/p>\n<\/div>\n<\/div>\n\n\n\n<div class=\"wp-block-column is-layout-flow wp-block-column-is-layout-flow\">\n<figure class=\"wp-block-embed is-type-video is-provider-youtube wp-block-embed-youtube wp-embed-aspect-4-3 wp-has-aspect-ratio\"><div class=\"wp-block-embed__wrapper\">\n<div class=\"ast-oembed-container \" style=\"height: 100%;\"><iframe loading=\"lazy\" title=\"Film 2015 meca atlantique\" width=\"500\" height=\"375\" src=\"https:\/\/www.youtube.com\/embed\/9r-249B8zn0?feature=oembed\" frameborder=\"0\" allow=\"accelerometer; autoplay; clipboard-write; encrypted-media; gyroscope; picture-in-picture; web-share\" referrerpolicy=\"strict-origin-when-cross-origin\" allowfullscreen><\/iframe><\/div>\n<\/div><\/figure>\n<\/div>\n<\/div>\n<\/div>\n\n\n\n<div class=\"wp-block-group alignfull is-layout-constrained wp-container-core-group-is-layout-448db0b9 wp-block-group-is-layout-constrained\" style=\"margin-top:0px;margin-bottom:0px;padding-right:0;padding-left:0\"><\/div>\n\n\n\n<p><\/p>\n","protected":false},"excerpt":{"rendered":"<p>Depuis plus de 20 ans, M\u00e9ca Atlantique d\u00e9veloppe son activit\u00e9 dans la m\u00e9canique de haute pr\u00e9cision. Forte de son savoir-faire [&hellip;]<\/p>\n","protected":false},"author":1,"featured_media":0,"parent":0,"menu_order":0,"comment_status":"closed","ping_status":"closed","template":"","meta":{"site-sidebar-layout":"default","site-content-layout":"","ast-site-content-layout":"","site-content-style":"default","site-sidebar-style":"default","ast-global-header-display":"","ast-banner-title-visibility":"","ast-main-header-display":"","ast-hfb-above-header-display":"","ast-hfb-below-header-display":"","ast-hfb-mobile-header-display":"","site-post-title":"disabled","ast-breadcrumbs-content":"","ast-featured-img":"","footer-sml-layout":"","theme-transparent-header-meta":"","adv-header-id-meta":"","stick-header-meta":"","header-above-stick-meta":"","header-main-stick-meta":"","header-below-stick-meta":"","astra-migrate-meta-layouts":"default","ast-page-background-enabled":"default","ast-page-background-meta":{"desktop":{"background-color":"var(--ast-global-color-5)","background-image":"","background-repeat":"repeat","background-position":"center center","background-size":"auto","background-attachment":"scroll","background-type":"","background-media":"","overlay-type":"","overlay-color":"","overlay-opacity":"","overlay-gradient":""},"tablet":{"background-color":"","background-image":"","background-repeat":"repeat","background-position":"center center","background-size":"auto","background-attachment":"scroll","background-type":"","background-media":"","overlay-type":"","overlay-color":"","overlay-opacity":"","overlay-gradient":""},"mobile":{"background-color":"","background-image":"","background-repeat":"repeat","background-position":"center center","background-size":"auto","background-attachment":"scroll","background-type":"","background-media":"","overlay-type":"","overlay-color":"","overlay-opacity":"","overlay-gradient":""}},"ast-content-background-meta":{"desktop":{"background-color":"var(--ast-global-color-4)","background-image":"","background-repeat":"repeat","background-position":"center center","background-size":"auto","background-attachment":"scroll","background-type":"","background-media":"","overlay-type":"","overlay-color":"","overlay-opacity":"","overlay-gradient":""},"tablet":{"background-color":"var(--ast-global-color-4)","background-image":"","background-repeat":"repeat","background-position":"center center","background-size":"auto","background-attachment":"scroll","background-type":"","background-media":"","overlay-type":"","overlay-color":"","overlay-opacity":"","overlay-gradient":""},"mobile":{"background-color":"var(--ast-global-color-4)","background-image":"","background-repeat":"repeat","background-position":"center center","background-size":"auto","background-attachment":"scroll","background-type":"","background-media":"","overlay-type":"","overlay-color":"","overlay-opacity":"","overlay-gradient":""}},"footnotes":""},"class_list":["post-16","page","type-page","status-publish","hentry"],"_links":{"self":[{"href":"https:\/\/meca-atlantique.com\/index.php\/wp-json\/wp\/v2\/pages\/16","targetHints":{"allow":["GET"]}}],"collection":[{"href":"https:\/\/meca-atlantique.com\/index.php\/wp-json\/wp\/v2\/pages"}],"about":[{"href":"https:\/\/meca-atlantique.com\/index.php\/wp-json\/wp\/v2\/types\/page"}],"author":[{"embeddable":true,"href":"https:\/\/meca-atlantique.com\/index.php\/wp-json\/wp\/v2\/users\/1"}],"replies":[{"embeddable":true,"href":"https:\/\/meca-atlantique.com\/index.php\/wp-json\/wp\/v2\/comments?post=16"}],"version-history":[{"count":15,"href":"https:\/\/meca-atlantique.com\/index.php\/wp-json\/wp\/v2\/pages\/16\/revisions"}],"predecessor-version":[{"id":160,"href":"https:\/\/meca-atlantique.com\/index.php\/wp-json\/wp\/v2\/pages\/16\/revisions\/160"}],"wp:attachment":[{"href":"https:\/\/meca-atlantique.com\/index.php\/wp-json\/wp\/v2\/media?parent=16"}],"curies":[{"name":"wp","href":"https:\/\/api.w.org\/{rel}","templated":true}]}}